
{"id":58,"date":"2016-11-03T10:16:33","date_gmt":"2016-11-03T09:16:33","guid":{"rendered":"http:\/\/test.clickmedia.pl\/multimax\/?page_id=58"},"modified":"2016-12-19T10:27:47","modified_gmt":"2016-12-19T09:27:47","slug":"uber-uns","status":"publish","type":"page","link":"https:\/\/www.multimax.info.pl\/de\/uber-uns\/","title":{"rendered":"\u00dcber uns"},"content":{"rendered":"<p>Die Firma MULTIMAX mit dem Sitz in Cottbus entwirft und montiert die modernen Feuerl\u00f6schsysteme.<\/p>\n<h3>Was beinhaltet das Angebot?<\/h3>\n<p>Die von uns erarbeiteten Projekte reichen von der Ausf\u00fchrung bis zur Wartung der Feuerl\u00f6schsysteme in Geb\u00e4uden aller Art. Unser Angebot ist an Herstellungshallen, Lagerr\u00e4ume, B\u00fcros, Bibliotheken, Archive, Raffinerien, Kraftwerke und andere Spezialanlagen gerichtet.<\/p>\n<p>Die von uns angebotenen Brandschutzanlagen umfassen:<\/p>\n<ul>\n<li><strong>Sprinkler.<\/strong><\/li>\n<li><strong>Schaum.<\/strong><\/li>\n<li><strong>Wassernebel.<\/strong><\/li>\n<li><strong>Gas.<\/strong><\/li>\n<\/ul>\n<p>Wir setzen auf die Sicherheit und Zuverl\u00e4ssigkeit, die Bauelemente werden von uns sorgf\u00e4ltig ausgesucht und in Anlehnung an restriktive, polnische und europ\u00e4ische Sicherheitsnormen ausgef\u00fchrt.<\/p>\n<h3>Warum unser Angebot?<\/h3>\n<p>In der allt\u00e4glichen Arbeit wird unsere langj\u00e4hrige, branchenspezifische und umfassende Erfahrung genutzt. Unsere Zusammenarbeit mit vielen polnischen und internationalen Unternehmen hat uns viel beigebracht. Wir stellen nur ein hochqualifiziertes technisches Personal an.<br \/>\nEine hochqualitative Bedienung hat unsere Priorit\u00e4t. Wir halten Schritt mit den technischen Neuerungen und stellen unserem Personal Schulungen zur Verf\u00fcgung.<\/p>\n<p>Kontaktieren Sie uns jetzt! Unser Berater erteilt Ihnen alle n\u00f6tigen Infos und hilft, das auf Ihre Bed\u00fcrfnisse zugeschnittene Angebot auszuw\u00e4hlen.<\/p>\n","protected":false},"excerpt":{"rendered":"<p>Die Firma MULTIMAX mit dem Sitz in Cottbus entwirft und montiert die modernen Feuerl\u00f6schsysteme. Was beinhaltet das Angebot? Die von uns erarbeiteten Projekte reichen von der Ausf\u00fchrung bis zur Wartung der Feuerl\u00f6schsysteme in Geb\u00e4uden aller Art. Unser Angebot ist an Herstellungshallen, Lagerr\u00e4ume, B\u00fcros, Bibliotheken, Archive, Raffinerien, Kraftwerke und andere Spezialanlagen gerichtet. Die von uns angebotenen [&hellip;]<\/p>\n","protected":false},"author":1,"featured_media":0,"parent":0,"menu_order":0,"comment_status":"closed","ping_status":"closed","template":"","meta":[],"yoast_head":"<!-- This site is optimized with the Yoast SEO plugin v17.8 - https:\/\/yoast.com\/wordpress\/plugins\/seo\/ -->\n<meta name=\"robots\" content=\"index, follow, max-snippet:-1, max-image-preview:large, max-video-preview:-1\" \/>\n<link rel=\"canonical\" href=\"https:\/\/www.multimax.info.pl\/de\/uber-uns\/\" \/>\n<meta property=\"og:locale\" content=\"pl_PL\" \/>\n<meta property=\"og:type\" content=\"article\" \/>\n<meta property=\"og:title\" content=\"\u00dcber uns - Multimax GmbH - Brandschutz-Anlagen\" \/>\n<meta property=\"og:description\" content=\"Die Firma MULTIMAX mit dem Sitz in Cottbus entwirft und montiert die modernen Feuerl\u00f6schsysteme. Was beinhaltet das Angebot? Die von uns erarbeiteten Projekte reichen von der Ausf\u00fchrung bis zur Wartung der Feuerl\u00f6schsysteme in Geb\u00e4uden aller Art. Unser Angebot ist an Herstellungshallen, Lagerr\u00e4ume, B\u00fcros, Bibliotheken, Archive, Raffinerien, Kraftwerke und andere Spezialanlagen gerichtet. Die von uns angebotenen [&hellip;]\" \/>\n<meta property=\"og:url\" content=\"https:\/\/www.multimax.info.pl\/de\/uber-uns\/\" \/>\n<meta property=\"og:site_name\" content=\"Multimax GmbH - Brandschutz-Anlagen\" \/>\n<meta property=\"article:modified_time\" content=\"2016-12-19T09:27:47+00:00\" \/>\n<meta name=\"twitter:card\" content=\"summary\" \/>\n<meta name=\"twitter:label1\" content=\"Szacowany czas czytania\" \/>\n\t<meta name=\"twitter:data1\" content=\"1 minuta\" \/>\n<script type=\"application\/ld+json\" class=\"yoast-schema-graph\">{\"@context\":\"https:\/\/schema.org\",\"@graph\":[{\"@type\":\"WebSite\",\"@id\":\"https:\/\/www.multimax.info.pl\/de\/#website\",\"url\":\"https:\/\/www.multimax.info.pl\/de\/\",\"name\":\"Multimax GmbH - Brandschutz-Anlagen\",\"description\":\"Multimax GmbH - Brandschutz-Anlagen\",\"potentialAction\":[{\"@type\":\"SearchAction\",\"target\":{\"@type\":\"EntryPoint\",\"urlTemplate\":\"https:\/\/www.multimax.info.pl\/de\/?s={search_term_string}\"},\"query-input\":\"required name=search_term_string\"}],\"inLanguage\":\"pl-PL\"},{\"@type\":\"WebPage\",\"@id\":\"https:\/\/www.multimax.info.pl\/de\/uber-uns\/#webpage\",\"url\":\"https:\/\/www.multimax.info.pl\/de\/uber-uns\/\",\"name\":\"\\u00dcber uns - Multimax GmbH - Brandschutz-Anlagen\",\"isPartOf\":{\"@id\":\"https:\/\/www.multimax.info.pl\/de\/#website\"},\"datePublished\":\"2016-11-03T09:16:33+00:00\",\"dateModified\":\"2016-12-19T09:27:47+00:00\",\"breadcrumb\":{\"@id\":\"https:\/\/www.multimax.info.pl\/de\/uber-uns\/#breadcrumb\"},\"inLanguage\":\"pl-PL\",\"potentialAction\":[{\"@type\":\"ReadAction\",\"target\":[\"https:\/\/www.multimax.info.pl\/de\/uber-uns\/\"]}]},{\"@type\":\"BreadcrumbList\",\"@id\":\"https:\/\/www.multimax.info.pl\/de\/uber-uns\/#breadcrumb\",\"itemListElement\":[{\"@type\":\"ListItem\",\"position\":1,\"name\":\"Strona g\\u0142\\u00f3wna\",\"item\":\"https:\/\/www.multimax.info.pl\/de\/\"},{\"@type\":\"ListItem\",\"position\":2,\"name\":\"\\u00dcber uns\"}]}]}<\/script>\n<!-- \/ Yoast SEO plugin. -->","yoast_head_json":{"robots":{"index":"index","follow":"follow","max-snippet":"max-snippet:-1","max-image-preview":"max-image-preview:large","max-video-preview":"max-video-preview:-1"},"canonical":"https:\/\/www.multimax.info.pl\/de\/uber-uns\/","og_locale":"pl_PL","og_type":"article","og_title":"\u00dcber uns - Multimax GmbH - Brandschutz-Anlagen","og_description":"Die Firma MULTIMAX mit dem Sitz in Cottbus entwirft und montiert die modernen Feuerl\u00f6schsysteme. Was beinhaltet das Angebot? Die von uns erarbeiteten Projekte reichen von der Ausf\u00fchrung bis zur Wartung der Feuerl\u00f6schsysteme in Geb\u00e4uden aller Art. Unser Angebot ist an Herstellungshallen, Lagerr\u00e4ume, B\u00fcros, Bibliotheken, Archive, Raffinerien, Kraftwerke und andere Spezialanlagen gerichtet. Die von uns angebotenen [&hellip;]","og_url":"https:\/\/www.multimax.info.pl\/de\/uber-uns\/","og_site_name":"Multimax GmbH - Brandschutz-Anlagen","article_modified_time":"2016-12-19T09:27:47+00:00","twitter_card":"summary","twitter_misc":{"Szacowany czas czytania":"1 minuta"},"schema":{"@context":"https:\/\/schema.org","@graph":[{"@type":"WebSite","@id":"https:\/\/www.multimax.info.pl\/de\/#website","url":"https:\/\/www.multimax.info.pl\/de\/","name":"Multimax GmbH - Brandschutz-Anlagen","description":"Multimax GmbH - Brandschutz-Anlagen","potentialAction":[{"@type":"SearchAction","target":{"@type":"EntryPoint","urlTemplate":"https:\/\/www.multimax.info.pl\/de\/?s={search_term_string}"},"query-input":"required name=search_term_string"}],"inLanguage":"pl-PL"},{"@type":"WebPage","@id":"https:\/\/www.multimax.info.pl\/de\/uber-uns\/#webpage","url":"https:\/\/www.multimax.info.pl\/de\/uber-uns\/","name":"\u00dcber uns - Multimax GmbH - Brandschutz-Anlagen","isPartOf":{"@id":"https:\/\/www.multimax.info.pl\/de\/#website"},"datePublished":"2016-11-03T09:16:33+00:00","dateModified":"2016-12-19T09:27:47+00:00","breadcrumb":{"@id":"https:\/\/www.multimax.info.pl\/de\/uber-uns\/#breadcrumb"},"inLanguage":"pl-PL","potentialAction":[{"@type":"ReadAction","target":["https:\/\/www.multimax.info.pl\/de\/uber-uns\/"]}]},{"@type":"BreadcrumbList","@id":"https:\/\/www.multimax.info.pl\/de\/uber-uns\/#breadcrumb","itemListElement":[{"@type":"ListItem","position":1,"name":"Strona g\u0142\u00f3wna","item":"https:\/\/www.multimax.info.pl\/de\/"},{"@type":"ListItem","position":2,"name":"\u00dcber uns"}]}]}},"_links":{"self":[{"href":"https:\/\/www.multimax.info.pl\/de\/wp-json\/wp\/v2\/pages\/58"}],"collection":[{"href":"https:\/\/www.multimax.info.pl\/de\/wp-json\/wp\/v2\/pages"}],"about":[{"href":"https:\/\/www.multimax.info.pl\/de\/wp-json\/wp\/v2\/types\/page"}],"author":[{"embeddable":true,"href":"https:\/\/www.multimax.info.pl\/de\/wp-json\/wp\/v2\/users\/1"}],"replies":[{"embeddable":true,"href":"https:\/\/www.multimax.info.pl\/de\/wp-json\/wp\/v2\/comments?post=58"}],"version-history":[{"count":0,"href":"https:\/\/www.multimax.info.pl\/de\/wp-json\/wp\/v2\/pages\/58\/revisions"}],"wp:attachment":[{"href":"https:\/\/www.multimax.info.pl\/de\/wp-json\/wp\/v2\/media?parent=58"}],"curies":[{"name":"wp","href":"https:\/\/api.w.org\/{rel}","templated":true}]}}