
{"id":82,"date":"2016-11-03T10:20:16","date_gmt":"2016-11-03T09:20:16","guid":{"rendered":"http:\/\/test.clickmedia.pl\/multimax\/?page_id=82"},"modified":"2016-12-20T13:23:48","modified_gmt":"2016-12-20T12:23:48","slug":"schaum-feuerloschanlagen","status":"publish","type":"page","link":"http:\/\/www.multimax.info.pl\/de\/angebot\/schaum-feuerloschanlagen\/","title":{"rendered":"Schaum-Feuerl\u00f6schanlagen"},"content":{"rendered":"<p>Unser Angebot umfasst das Entwerfen oder Aufbauen von Schaum-Feuerl\u00f6schanlagen. Diese sind f\u00fcr das L\u00f6schen von sowohl Fest-als auch fl\u00fcssigen Stoffen der Brandgefahrklasse A und B (u.a. Holz, Plastik, Beton, Benzin, Lack) vorgesehen. Sie k\u00f6nnen auch zum L\u00f6schen von Gasen verwendet (Klasse C).<\/p>\n<h3>Bestandteile der Schaum-Feuerl\u00f6schanlagen<\/h3>\n<p>Die Hauptbestandteile sind die Sets zur Herstellung und Dosierung eines schaumformenden Mittels. Der Schaum wird \u00fcber das System von Sprinklern, D\u00fcsen und Schaumgeneratoren verteilt. Die Komplett-Anlage wird an die Wasserquelle und Pumpanlage angeschlossen. Eine Kontroll-Warneinheit sorgt f\u00fcr die Brandaufdeckung.<\/p>\n<p>Der Schaum besteht aus Wasser und einer Verbindung von schaumformendem Konzentrat und komprimierter Luft.<\/p>\n<h3>Anwendung<\/h3>\n<p>Die Schaum-Feuerl\u00f6schanlagen werden vor allem in Kraftstoff-Lagerr\u00e4umen, Raffinerien, M\u00fcllbeseitigungs-Sprit-Kosmetik-Chemikalienherstellungsanlagen verwendet. Oft findet man sie auch bei Reifen-Lagerr\u00e4umen und da, wo Kunststoffe aufbewahrt werden.<\/p>\n<p><strong>Entdecken Sie unser Angebot und bestellen Sie das f\u00fcr Sie und f\u00fcr Ihr Unternehmen ideale System.<\/strong><\/p>\n","protected":false},"excerpt":{"rendered":"<p>Unser Angebot umfasst das Entwerfen oder Aufbauen von Schaum-Feuerl\u00f6schanlagen. Diese sind f\u00fcr das L\u00f6schen von sowohl Fest-als auch fl\u00fcssigen Stoffen der Brandgefahrklasse A und B (u.a. Holz, Plastik, Beton, Benzin, Lack) vorgesehen. Sie k\u00f6nnen auch zum L\u00f6schen von Gasen verwendet (Klasse C). Bestandteile der Schaum-Feuerl\u00f6schanlagen Die Hauptbestandteile sind die Sets zur Herstellung und Dosierung eines [&hellip;]<\/p>\n","protected":false},"author":1,"featured_media":0,"parent":60,"menu_order":0,"comment_status":"closed","ping_status":"closed","template":"","meta":[],"yoast_head":"<!-- This site is optimized with the Yoast SEO plugin v17.8 - https:\/\/yoast.com\/wordpress\/plugins\/seo\/ -->\n<meta name=\"robots\" content=\"index, follow, max-snippet:-1, max-image-preview:large, max-video-preview:-1\" \/>\n<link rel=\"canonical\" href=\"http:\/\/www.multimax.info.pl\/de\/angebot\/schaum-feuerloschanlagen\/\" \/>\n<meta property=\"og:locale\" content=\"pl_PL\" \/>\n<meta property=\"og:type\" content=\"article\" \/>\n<meta property=\"og:title\" content=\"Schaum-Feuerl\u00f6schanlagen - Multimax GmbH - Brandschutz-Anlagen\" \/>\n<meta property=\"og:description\" content=\"Unser Angebot umfasst das Entwerfen oder Aufbauen von Schaum-Feuerl\u00f6schanlagen. Diese sind f\u00fcr das L\u00f6schen von sowohl Fest-als auch fl\u00fcssigen Stoffen der Brandgefahrklasse A und B (u.a. Holz, Plastik, Beton, Benzin, Lack) vorgesehen. Sie k\u00f6nnen auch zum L\u00f6schen von Gasen verwendet (Klasse C). Bestandteile der Schaum-Feuerl\u00f6schanlagen Die Hauptbestandteile sind die Sets zur Herstellung und Dosierung eines [&hellip;]\" \/>\n<meta property=\"og:url\" content=\"http:\/\/www.multimax.info.pl\/de\/angebot\/schaum-feuerloschanlagen\/\" \/>\n<meta property=\"og:site_name\" content=\"Multimax GmbH - Brandschutz-Anlagen\" \/>\n<meta property=\"article:modified_time\" content=\"2016-12-20T12:23:48+00:00\" \/>\n<meta name=\"twitter:card\" content=\"summary\" \/>\n<meta name=\"twitter:label1\" content=\"Szacowany czas czytania\" \/>\n\t<meta name=\"twitter:data1\" content=\"1 minuta\" \/>\n<script type=\"application\/ld+json\" class=\"yoast-schema-graph\">{\"@context\":\"https:\/\/schema.org\",\"@graph\":[{\"@type\":\"WebSite\",\"@id\":\"http:\/\/www.multimax.info.pl\/de\/#website\",\"url\":\"http:\/\/www.multimax.info.pl\/de\/\",\"name\":\"Multimax GmbH - Brandschutz-Anlagen\",\"description\":\"Multimax GmbH - Brandschutz-Anlagen\",\"potentialAction\":[{\"@type\":\"SearchAction\",\"target\":{\"@type\":\"EntryPoint\",\"urlTemplate\":\"http:\/\/www.multimax.info.pl\/de\/?s={search_term_string}\"},\"query-input\":\"required name=search_term_string\"}],\"inLanguage\":\"pl-PL\"},{\"@type\":\"WebPage\",\"@id\":\"http:\/\/www.multimax.info.pl\/de\/angebot\/schaum-feuerloschanlagen\/#webpage\",\"url\":\"http:\/\/www.multimax.info.pl\/de\/angebot\/schaum-feuerloschanlagen\/\",\"name\":\"Schaum-Feuerl\\u00f6schanlagen - Multimax GmbH - Brandschutz-Anlagen\",\"isPartOf\":{\"@id\":\"http:\/\/www.multimax.info.pl\/de\/#website\"},\"datePublished\":\"2016-11-03T09:20:16+00:00\",\"dateModified\":\"2016-12-20T12:23:48+00:00\",\"breadcrumb\":{\"@id\":\"http:\/\/www.multimax.info.pl\/de\/angebot\/schaum-feuerloschanlagen\/#breadcrumb\"},\"inLanguage\":\"pl-PL\",\"potentialAction\":[{\"@type\":\"ReadAction\",\"target\":[\"http:\/\/www.multimax.info.pl\/de\/angebot\/schaum-feuerloschanlagen\/\"]}]},{\"@type\":\"BreadcrumbList\",\"@id\":\"http:\/\/www.multimax.info.pl\/de\/angebot\/schaum-feuerloschanlagen\/#breadcrumb\",\"itemListElement\":[{\"@type\":\"ListItem\",\"position\":1,\"name\":\"Strona g\\u0142\\u00f3wna\",\"item\":\"http:\/\/www.multimax.info.pl\/de\/\"},{\"@type\":\"ListItem\",\"position\":2,\"name\":\"Angebot\",\"item\":\"https:\/\/www.multimax.info.pl\/de\/angebot\/\"},{\"@type\":\"ListItem\",\"position\":3,\"name\":\"Schaum-Feuerl\\u00f6schanlagen\"}]}]}<\/script>\n<!-- \/ Yoast SEO plugin. -->","yoast_head_json":{"robots":{"index":"index","follow":"follow","max-snippet":"max-snippet:-1","max-image-preview":"max-image-preview:large","max-video-preview":"max-video-preview:-1"},"canonical":"http:\/\/www.multimax.info.pl\/de\/angebot\/schaum-feuerloschanlagen\/","og_locale":"pl_PL","og_type":"article","og_title":"Schaum-Feuerl\u00f6schanlagen - Multimax GmbH - Brandschutz-Anlagen","og_description":"Unser Angebot umfasst das Entwerfen oder Aufbauen von Schaum-Feuerl\u00f6schanlagen. Diese sind f\u00fcr das L\u00f6schen von sowohl Fest-als auch fl\u00fcssigen Stoffen der Brandgefahrklasse A und B (u.a. Holz, Plastik, Beton, Benzin, Lack) vorgesehen. Sie k\u00f6nnen auch zum L\u00f6schen von Gasen verwendet (Klasse C). Bestandteile der Schaum-Feuerl\u00f6schanlagen Die Hauptbestandteile sind die Sets zur Herstellung und Dosierung eines [&hellip;]","og_url":"http:\/\/www.multimax.info.pl\/de\/angebot\/schaum-feuerloschanlagen\/","og_site_name":"Multimax GmbH - Brandschutz-Anlagen","article_modified_time":"2016-12-20T12:23:48+00:00","twitter_card":"summary","twitter_misc":{"Szacowany czas czytania":"1 minuta"},"schema":{"@context":"https:\/\/schema.org","@graph":[{"@type":"WebSite","@id":"http:\/\/www.multimax.info.pl\/de\/#website","url":"http:\/\/www.multimax.info.pl\/de\/","name":"Multimax GmbH - Brandschutz-Anlagen","description":"Multimax GmbH - Brandschutz-Anlagen","potentialAction":[{"@type":"SearchAction","target":{"@type":"EntryPoint","urlTemplate":"http:\/\/www.multimax.info.pl\/de\/?s={search_term_string}"},"query-input":"required name=search_term_string"}],"inLanguage":"pl-PL"},{"@type":"WebPage","@id":"http:\/\/www.multimax.info.pl\/de\/angebot\/schaum-feuerloschanlagen\/#webpage","url":"http:\/\/www.multimax.info.pl\/de\/angebot\/schaum-feuerloschanlagen\/","name":"Schaum-Feuerl\u00f6schanlagen - Multimax GmbH - Brandschutz-Anlagen","isPartOf":{"@id":"http:\/\/www.multimax.info.pl\/de\/#website"},"datePublished":"2016-11-03T09:20:16+00:00","dateModified":"2016-12-20T12:23:48+00:00","breadcrumb":{"@id":"http:\/\/www.multimax.info.pl\/de\/angebot\/schaum-feuerloschanlagen\/#breadcrumb"},"inLanguage":"pl-PL","potentialAction":[{"@type":"ReadAction","target":["http:\/\/www.multimax.info.pl\/de\/angebot\/schaum-feuerloschanlagen\/"]}]},{"@type":"BreadcrumbList","@id":"http:\/\/www.multimax.info.pl\/de\/angebot\/schaum-feuerloschanlagen\/#breadcrumb","itemListElement":[{"@type":"ListItem","position":1,"name":"Strona g\u0142\u00f3wna","item":"http:\/\/www.multimax.info.pl\/de\/"},{"@type":"ListItem","position":2,"name":"Angebot","item":"https:\/\/www.multimax.info.pl\/de\/angebot\/"},{"@type":"ListItem","position":3,"name":"Schaum-Feuerl\u00f6schanlagen"}]}]}},"_links":{"self":[{"href":"http:\/\/www.multimax.info.pl\/de\/wp-json\/wp\/v2\/pages\/82"}],"collection":[{"href":"http:\/\/www.multimax.info.pl\/de\/wp-json\/wp\/v2\/pages"}],"about":[{"href":"http:\/\/www.multimax.info.pl\/de\/wp-json\/wp\/v2\/types\/page"}],"author":[{"embeddable":true,"href":"http:\/\/www.multimax.info.pl\/de\/wp-json\/wp\/v2\/users\/1"}],"replies":[{"embeddable":true,"href":"http:\/\/www.multimax.info.pl\/de\/wp-json\/wp\/v2\/comments?post=82"}],"version-history":[{"count":0,"href":"http:\/\/www.multimax.info.pl\/de\/wp-json\/wp\/v2\/pages\/82\/revisions"}],"up":[{"embeddable":true,"href":"http:\/\/www.multimax.info.pl\/de\/wp-json\/wp\/v2\/pages\/60"}],"wp:attachment":[{"href":"http:\/\/www.multimax.info.pl\/de\/wp-json\/wp\/v2\/media?parent=82"}],"curies":[{"name":"wp","href":"https:\/\/api.w.org\/{rel}","templated":true}]}}