
{"id":80,"date":"2016-11-03T10:20:07","date_gmt":"2016-11-03T09:20:07","guid":{"rendered":"http:\/\/test.clickmedia.pl\/multimax\/?page_id=80"},"modified":"2016-12-19T10:42:43","modified_gmt":"2016-12-19T09:42:43","slug":"gas-feuerloschanlagen","status":"publish","type":"page","link":"http:\/\/www.multimax.info.pl\/de\/angebot\/gas-feuerloschanlagen\/","title":{"rendered":"Gas-Feuerl\u00f6schanlagen"},"content":{"rendered":"<p>Unser Angebot umfasst moderne Gas-Brandschutzsysteme, die die restriktivsten Normen beachten. Wir empfehlen sie vor allem f\u00fcr die R\u00e4ume, wo die herk\u00f6mmlichen Sprinkler-Anlagen enorme Sch\u00e4den verursachen. Diese Systeme werden von uns entworfen, aufgebaut und gewartet. Vor dem Aufbau werden immer spezielle Door-Fan-Tests durchgef\u00fchrt, wo die Wirksamkeit der Systeme eingesch\u00e4tzt werden kann (die Undichtheit der R\u00e4ume wird dabei ber\u00fccksichtigt).<\/p>\n<h3>Wie funktioniert es?<\/h3>\n<p>Die Gas-Feuerl\u00f6schanlagen d\u00e4mmen den Brand ein, da der Verbrennungsprozess abgebrochen wird. Dazu dient eine speziell komprimierte Gas-Mischung, die gew\u00f6hnlich aus Argon oder CO-2 besteht. Die Dichtheit der R\u00e4ume spielt daher eine enorm wichtige Rolle.<\/p>\n<p>Wir sind uns dessen genau bewusst, dass die angewendeten Gase f\u00fcr die Menschen sch\u00e4dlich sein k\u00f6nnen. Die Installation der Anlagen beruht daher auf restriktiven PN-EN-Normen sowie den in Europa g\u00fcltigen Brandschutzrichtlinien.<\/p>\n<h3>Anwendung der Gas-Feuerl\u00f6schanlagen<\/h3>\n<p>Diese L\u00f6sung kommt da am besten zum Einsatz, wo die erh\u00f6hte Feuchtigkeit nicht erw\u00fcnscht wird. Das betrifft u.a.::<\/p>\n<ul>\n<li>Bibliotheken.<\/li>\n<li>Archive.<\/li>\n<li>Server-Rooms.<\/li>\n<li>Elektrische Schaltanlage.<\/li>\n<li>Museen.<\/li>\n<\/ul>\n<p>Kommt das Wasser oder L\u00f6schschaum nicht in Frage? Schauen Sie unsere innovativen Gas-Feuerl\u00f6schsystemen, die keine Spuren hinterlassen und den Brand l\u00f6schen k\u00f6nnen.<\/p>\n","protected":false},"excerpt":{"rendered":"<p>Unser Angebot umfasst moderne Gas-Brandschutzsysteme, die die restriktivsten Normen beachten. Wir empfehlen sie vor allem f\u00fcr die R\u00e4ume, wo die herk\u00f6mmlichen Sprinkler-Anlagen enorme Sch\u00e4den verursachen. Diese Systeme werden von uns entworfen, aufgebaut und gewartet. Vor dem Aufbau werden immer spezielle Door-Fan-Tests durchgef\u00fchrt, wo die Wirksamkeit der Systeme eingesch\u00e4tzt werden kann (die Undichtheit der R\u00e4ume wird [&hellip;]<\/p>\n","protected":false},"author":1,"featured_media":0,"parent":60,"menu_order":0,"comment_status":"closed","ping_status":"closed","template":"","meta":[],"yoast_head":"<!-- This site is optimized with the Yoast SEO plugin v17.8 - https:\/\/yoast.com\/wordpress\/plugins\/seo\/ -->\n<meta name=\"robots\" content=\"index, follow, max-snippet:-1, max-image-preview:large, max-video-preview:-1\" \/>\n<link rel=\"canonical\" href=\"https:\/\/www.multimax.info.pl\/de\/angebot\/gas-feuerloschanlagen\/\" \/>\n<meta property=\"og:locale\" content=\"pl_PL\" \/>\n<meta property=\"og:type\" content=\"article\" \/>\n<meta property=\"og:title\" content=\"Gas-Feuerl\u00f6schanlagen - Multimax GmbH - Brandschutz-Anlagen\" \/>\n<meta property=\"og:description\" content=\"Unser Angebot umfasst moderne Gas-Brandschutzsysteme, die die restriktivsten Normen beachten. Wir empfehlen sie vor allem f\u00fcr die R\u00e4ume, wo die herk\u00f6mmlichen Sprinkler-Anlagen enorme Sch\u00e4den verursachen. Diese Systeme werden von uns entworfen, aufgebaut und gewartet. Vor dem Aufbau werden immer spezielle Door-Fan-Tests durchgef\u00fchrt, wo die Wirksamkeit der Systeme eingesch\u00e4tzt werden kann (die Undichtheit der R\u00e4ume wird [&hellip;]\" \/>\n<meta property=\"og:url\" content=\"https:\/\/www.multimax.info.pl\/de\/angebot\/gas-feuerloschanlagen\/\" \/>\n<meta property=\"og:site_name\" content=\"Multimax GmbH - Brandschutz-Anlagen\" \/>\n<meta property=\"article:modified_time\" content=\"2016-12-19T09:42:43+00:00\" \/>\n<meta name=\"twitter:card\" content=\"summary\" \/>\n<meta name=\"twitter:label1\" content=\"Szacowany czas czytania\" \/>\n\t<meta name=\"twitter:data1\" content=\"1 minuta\" \/>\n<script type=\"application\/ld+json\" class=\"yoast-schema-graph\">{\"@context\":\"https:\/\/schema.org\",\"@graph\":[{\"@type\":\"WebSite\",\"@id\":\"http:\/\/www.multimax.info.pl\/de\/#website\",\"url\":\"http:\/\/www.multimax.info.pl\/de\/\",\"name\":\"Multimax GmbH - Brandschutz-Anlagen\",\"description\":\"Multimax GmbH - Brandschutz-Anlagen\",\"potentialAction\":[{\"@type\":\"SearchAction\",\"target\":{\"@type\":\"EntryPoint\",\"urlTemplate\":\"http:\/\/www.multimax.info.pl\/de\/?s={search_term_string}\"},\"query-input\":\"required name=search_term_string\"}],\"inLanguage\":\"pl-PL\"},{\"@type\":\"WebPage\",\"@id\":\"https:\/\/www.multimax.info.pl\/de\/angebot\/gas-feuerloschanlagen\/#webpage\",\"url\":\"https:\/\/www.multimax.info.pl\/de\/angebot\/gas-feuerloschanlagen\/\",\"name\":\"Gas-Feuerl\\u00f6schanlagen - Multimax GmbH - Brandschutz-Anlagen\",\"isPartOf\":{\"@id\":\"http:\/\/www.multimax.info.pl\/de\/#website\"},\"datePublished\":\"2016-11-03T09:20:07+00:00\",\"dateModified\":\"2016-12-19T09:42:43+00:00\",\"breadcrumb\":{\"@id\":\"https:\/\/www.multimax.info.pl\/de\/angebot\/gas-feuerloschanlagen\/#breadcrumb\"},\"inLanguage\":\"pl-PL\",\"potentialAction\":[{\"@type\":\"ReadAction\",\"target\":[\"https:\/\/www.multimax.info.pl\/de\/angebot\/gas-feuerloschanlagen\/\"]}]},{\"@type\":\"BreadcrumbList\",\"@id\":\"https:\/\/www.multimax.info.pl\/de\/angebot\/gas-feuerloschanlagen\/#breadcrumb\",\"itemListElement\":[{\"@type\":\"ListItem\",\"position\":1,\"name\":\"Strona g\\u0142\\u00f3wna\",\"item\":\"http:\/\/www.multimax.info.pl\/de\/\"},{\"@type\":\"ListItem\",\"position\":2,\"name\":\"Angebot\",\"item\":\"https:\/\/www.multimax.info.pl\/de\/angebot\/\"},{\"@type\":\"ListItem\",\"position\":3,\"name\":\"Gas-Feuerl\\u00f6schanlagen\"}]}]}<\/script>\n<!-- \/ Yoast SEO plugin. -->","yoast_head_json":{"robots":{"index":"index","follow":"follow","max-snippet":"max-snippet:-1","max-image-preview":"max-image-preview:large","max-video-preview":"max-video-preview:-1"},"canonical":"https:\/\/www.multimax.info.pl\/de\/angebot\/gas-feuerloschanlagen\/","og_locale":"pl_PL","og_type":"article","og_title":"Gas-Feuerl\u00f6schanlagen - Multimax GmbH - Brandschutz-Anlagen","og_description":"Unser Angebot umfasst moderne Gas-Brandschutzsysteme, die die restriktivsten Normen beachten. Wir empfehlen sie vor allem f\u00fcr die R\u00e4ume, wo die herk\u00f6mmlichen Sprinkler-Anlagen enorme Sch\u00e4den verursachen. Diese Systeme werden von uns entworfen, aufgebaut und gewartet. Vor dem Aufbau werden immer spezielle Door-Fan-Tests durchgef\u00fchrt, wo die Wirksamkeit der Systeme eingesch\u00e4tzt werden kann (die Undichtheit der R\u00e4ume wird [&hellip;]","og_url":"https:\/\/www.multimax.info.pl\/de\/angebot\/gas-feuerloschanlagen\/","og_site_name":"Multimax GmbH - Brandschutz-Anlagen","article_modified_time":"2016-12-19T09:42:43+00:00","twitter_card":"summary","twitter_misc":{"Szacowany czas czytania":"1 minuta"},"schema":{"@context":"https:\/\/schema.org","@graph":[{"@type":"WebSite","@id":"http:\/\/www.multimax.info.pl\/de\/#website","url":"http:\/\/www.multimax.info.pl\/de\/","name":"Multimax GmbH - Brandschutz-Anlagen","description":"Multimax GmbH - Brandschutz-Anlagen","potentialAction":[{"@type":"SearchAction","target":{"@type":"EntryPoint","urlTemplate":"http:\/\/www.multimax.info.pl\/de\/?s={search_term_string}"},"query-input":"required name=search_term_string"}],"inLanguage":"pl-PL"},{"@type":"WebPage","@id":"https:\/\/www.multimax.info.pl\/de\/angebot\/gas-feuerloschanlagen\/#webpage","url":"https:\/\/www.multimax.info.pl\/de\/angebot\/gas-feuerloschanlagen\/","name":"Gas-Feuerl\u00f6schanlagen - Multimax GmbH - Brandschutz-Anlagen","isPartOf":{"@id":"http:\/\/www.multimax.info.pl\/de\/#website"},"datePublished":"2016-11-03T09:20:07+00:00","dateModified":"2016-12-19T09:42:43+00:00","breadcrumb":{"@id":"https:\/\/www.multimax.info.pl\/de\/angebot\/gas-feuerloschanlagen\/#breadcrumb"},"inLanguage":"pl-PL","potentialAction":[{"@type":"ReadAction","target":["https:\/\/www.multimax.info.pl\/de\/angebot\/gas-feuerloschanlagen\/"]}]},{"@type":"BreadcrumbList","@id":"https:\/\/www.multimax.info.pl\/de\/angebot\/gas-feuerloschanlagen\/#breadcrumb","itemListElement":[{"@type":"ListItem","position":1,"name":"Strona g\u0142\u00f3wna","item":"http:\/\/www.multimax.info.pl\/de\/"},{"@type":"ListItem","position":2,"name":"Angebot","item":"https:\/\/www.multimax.info.pl\/de\/angebot\/"},{"@type":"ListItem","position":3,"name":"Gas-Feuerl\u00f6schanlagen"}]}]}},"_links":{"self":[{"href":"http:\/\/www.multimax.info.pl\/de\/wp-json\/wp\/v2\/pages\/80"}],"collection":[{"href":"http:\/\/www.multimax.info.pl\/de\/wp-json\/wp\/v2\/pages"}],"about":[{"href":"http:\/\/www.multimax.info.pl\/de\/wp-json\/wp\/v2\/types\/page"}],"author":[{"embeddable":true,"href":"http:\/\/www.multimax.info.pl\/de\/wp-json\/wp\/v2\/users\/1"}],"replies":[{"embeddable":true,"href":"http:\/\/www.multimax.info.pl\/de\/wp-json\/wp\/v2\/comments?post=80"}],"version-history":[{"count":0,"href":"http:\/\/www.multimax.info.pl\/de\/wp-json\/wp\/v2\/pages\/80\/revisions"}],"up":[{"embeddable":true,"href":"http:\/\/www.multimax.info.pl\/de\/wp-json\/wp\/v2\/pages\/60"}],"wp:attachment":[{"href":"http:\/\/www.multimax.info.pl\/de\/wp-json\/wp\/v2\/media?parent=80"}],"curies":[{"name":"wp","href":"https:\/\/api.w.org\/{rel}","templated":true}]}}