
{"id":78,"date":"2016-11-03T10:19:56","date_gmt":"2016-11-03T09:19:56","guid":{"rendered":"http:\/\/test.clickmedia.pl\/multimax\/?page_id=78"},"modified":"2016-12-19T10:41:08","modified_gmt":"2016-12-19T09:41:08","slug":"wassernebel-feuerloschanlagen","status":"publish","type":"page","link":"http:\/\/www.multimax.info.pl\/de\/angebot\/wassernebel-feuerloschanlagen\/","title":{"rendered":"Wassernebel-Feuerl\u00f6schanlagen"},"content":{"rendered":"<p>In unserem neuesten Angebot finden Sie die innovativste Brandschutzl\u00f6sung- die modernen Wassernebel-Anlagen. Der Wassernebel kann den Brand wirksam l\u00f6schen, ohne das Geb\u00e4ude stark zu besch\u00e4digen, wie es im Falle von herk\u00f6mmlichen Sprinkler-Feuerl\u00f6schanlagen oft ist.<\/p>\n<h3>Wassernebel \u2013 wie funktioniert es?<\/h3>\n<p>Die Wassernebel-Feuerl\u00f6schanlagen sind ein Durchbruch im Brandschutz. Bei diesen Anlagen werden D\u00fcsen eingesetzt, die dank sinkender Temperaturen am Brandort das Feuer l\u00f6schen k\u00f6nnen. Die Temperatur wird dank dem Wassernebel immer niedriger. Den Nebel machen kleinr\u00e4umige Tropfen, die keine Sch\u00e4den anrichten.<\/p>\n<h3>Vorteile?<\/h3>\n<p>Der Einsatz des Wassernebels bei der Feuerl\u00f6schung l\u00e4sst jegliche Sch\u00e4den vermeiden, die infolge der Anwendung vom Wasser oder von chemischen Mitteln entstehen w\u00fcrden. Ein unsch\u00e4tzbarer Vorteil ist ein relativ breiter Anwendungsbereich und eine einfache Montage (die R\u00e4umlichkeiten erfordern keine ideale Dichtheit).<\/p>\n<h3>Anwendung des Wassernebels<\/h3>\n<p>Die Wassernebel-Anlagen kommen am besten zum Einsatz in:<\/p>\n<ul>\n<li>Bibliotheken.<\/li>\n<li>Archiven.<\/li>\n<li>B\u00fcror\u00e4umen.<\/li>\n<li>R\u00e4umlichkeiten mit wertvollen technologischen Ger\u00e4ten.<\/li>\n<li>Server-Rooms.<\/li>\n<\/ul>\n<p>Der Wassernebel wird au\u00dfer zum Feuerl\u00f6schen auch zum Abk\u00fchlen von Maschinen und Produktionslinien verwendet. In Gro\u00df-Industrieanlagen erm\u00f6glicht er, Temperaturschwankungen und Arbeitsausf\u00e4lle zu vermeiden. Die Wassernebel-Anlagen kommen zum Einsatz bei:<\/p>\n<ul>\n<li>Dampfturbinen.<\/li>\n<li>Hydraulische Einheiten.<\/li>\n<li>Antriebswellen und \u00dcbersetzungen.<\/li>\n<li>Motorkontrollstellen.<\/li>\n<\/ul>\n<p>Profitieren Sie von unserer innovativen L\u00f6sungen und vermeiden Sie die enormen Sch\u00e4den, die nicht das Feuer sondern die Feuerl\u00f6schanlagen verursachen k\u00f6nnen.<\/p>\n<p><strong>Bestellen Sie sie schon jetzt!<\/strong><\/p>\n","protected":false},"excerpt":{"rendered":"<p>In unserem neuesten Angebot finden Sie die innovativste Brandschutzl\u00f6sung- die modernen Wassernebel-Anlagen. Der Wassernebel kann den Brand wirksam l\u00f6schen, ohne das Geb\u00e4ude stark zu besch\u00e4digen, wie es im Falle von herk\u00f6mmlichen Sprinkler-Feuerl\u00f6schanlagen oft ist. Wassernebel \u2013 wie funktioniert es? Die Wassernebel-Feuerl\u00f6schanlagen sind ein Durchbruch im Brandschutz. Bei diesen Anlagen werden D\u00fcsen eingesetzt, die dank sinkender [&hellip;]<\/p>\n","protected":false},"author":1,"featured_media":0,"parent":60,"menu_order":0,"comment_status":"closed","ping_status":"closed","template":"","meta":[],"yoast_head":"<!-- This site is optimized with the Yoast SEO plugin v17.8 - https:\/\/yoast.com\/wordpress\/plugins\/seo\/ -->\n<meta name=\"robots\" content=\"index, follow, max-snippet:-1, max-image-preview:large, max-video-preview:-1\" \/>\n<link rel=\"canonical\" href=\"http:\/\/www.multimax.info.pl\/de\/angebot\/wassernebel-feuerloschanlagen\/\" \/>\n<meta property=\"og:locale\" content=\"pl_PL\" \/>\n<meta property=\"og:type\" content=\"article\" \/>\n<meta property=\"og:title\" content=\"Wassernebel-Feuerl\u00f6schanlagen - Multimax GmbH - Brandschutz-Anlagen\" \/>\n<meta property=\"og:description\" content=\"In unserem neuesten Angebot finden Sie die innovativste Brandschutzl\u00f6sung- die modernen Wassernebel-Anlagen. Der Wassernebel kann den Brand wirksam l\u00f6schen, ohne das Geb\u00e4ude stark zu besch\u00e4digen, wie es im Falle von herk\u00f6mmlichen Sprinkler-Feuerl\u00f6schanlagen oft ist. Wassernebel \u2013 wie funktioniert es? Die Wassernebel-Feuerl\u00f6schanlagen sind ein Durchbruch im Brandschutz. Bei diesen Anlagen werden D\u00fcsen eingesetzt, die dank sinkender [&hellip;]\" \/>\n<meta property=\"og:url\" content=\"http:\/\/www.multimax.info.pl\/de\/angebot\/wassernebel-feuerloschanlagen\/\" \/>\n<meta property=\"og:site_name\" content=\"Multimax GmbH - Brandschutz-Anlagen\" \/>\n<meta property=\"article:modified_time\" content=\"2016-12-19T09:41:08+00:00\" \/>\n<meta name=\"twitter:card\" content=\"summary\" \/>\n<meta name=\"twitter:label1\" content=\"Szacowany czas czytania\" \/>\n\t<meta name=\"twitter:data1\" content=\"1 minuta\" \/>\n<script type=\"application\/ld+json\" class=\"yoast-schema-graph\">{\"@context\":\"https:\/\/schema.org\",\"@graph\":[{\"@type\":\"WebSite\",\"@id\":\"http:\/\/www.multimax.info.pl\/de\/#website\",\"url\":\"http:\/\/www.multimax.info.pl\/de\/\",\"name\":\"Multimax GmbH - Brandschutz-Anlagen\",\"description\":\"Multimax GmbH - Brandschutz-Anlagen\",\"potentialAction\":[{\"@type\":\"SearchAction\",\"target\":{\"@type\":\"EntryPoint\",\"urlTemplate\":\"http:\/\/www.multimax.info.pl\/de\/?s={search_term_string}\"},\"query-input\":\"required name=search_term_string\"}],\"inLanguage\":\"pl-PL\"},{\"@type\":\"WebPage\",\"@id\":\"http:\/\/www.multimax.info.pl\/de\/angebot\/wassernebel-feuerloschanlagen\/#webpage\",\"url\":\"http:\/\/www.multimax.info.pl\/de\/angebot\/wassernebel-feuerloschanlagen\/\",\"name\":\"Wassernebel-Feuerl\\u00f6schanlagen - Multimax GmbH - Brandschutz-Anlagen\",\"isPartOf\":{\"@id\":\"http:\/\/www.multimax.info.pl\/de\/#website\"},\"datePublished\":\"2016-11-03T09:19:56+00:00\",\"dateModified\":\"2016-12-19T09:41:08+00:00\",\"breadcrumb\":{\"@id\":\"http:\/\/www.multimax.info.pl\/de\/angebot\/wassernebel-feuerloschanlagen\/#breadcrumb\"},\"inLanguage\":\"pl-PL\",\"potentialAction\":[{\"@type\":\"ReadAction\",\"target\":[\"http:\/\/www.multimax.info.pl\/de\/angebot\/wassernebel-feuerloschanlagen\/\"]}]},{\"@type\":\"BreadcrumbList\",\"@id\":\"http:\/\/www.multimax.info.pl\/de\/angebot\/wassernebel-feuerloschanlagen\/#breadcrumb\",\"itemListElement\":[{\"@type\":\"ListItem\",\"position\":1,\"name\":\"Strona g\\u0142\\u00f3wna\",\"item\":\"http:\/\/www.multimax.info.pl\/de\/\"},{\"@type\":\"ListItem\",\"position\":2,\"name\":\"Angebot\",\"item\":\"https:\/\/www.multimax.info.pl\/de\/angebot\/\"},{\"@type\":\"ListItem\",\"position\":3,\"name\":\"Wassernebel-Feuerl\\u00f6schanlagen\"}]}]}<\/script>\n<!-- \/ Yoast SEO plugin. -->","yoast_head_json":{"robots":{"index":"index","follow":"follow","max-snippet":"max-snippet:-1","max-image-preview":"max-image-preview:large","max-video-preview":"max-video-preview:-1"},"canonical":"http:\/\/www.multimax.info.pl\/de\/angebot\/wassernebel-feuerloschanlagen\/","og_locale":"pl_PL","og_type":"article","og_title":"Wassernebel-Feuerl\u00f6schanlagen - Multimax GmbH - Brandschutz-Anlagen","og_description":"In unserem neuesten Angebot finden Sie die innovativste Brandschutzl\u00f6sung- die modernen Wassernebel-Anlagen. Der Wassernebel kann den Brand wirksam l\u00f6schen, ohne das Geb\u00e4ude stark zu besch\u00e4digen, wie es im Falle von herk\u00f6mmlichen Sprinkler-Feuerl\u00f6schanlagen oft ist. Wassernebel \u2013 wie funktioniert es? Die Wassernebel-Feuerl\u00f6schanlagen sind ein Durchbruch im Brandschutz. Bei diesen Anlagen werden D\u00fcsen eingesetzt, die dank sinkender [&hellip;]","og_url":"http:\/\/www.multimax.info.pl\/de\/angebot\/wassernebel-feuerloschanlagen\/","og_site_name":"Multimax GmbH - Brandschutz-Anlagen","article_modified_time":"2016-12-19T09:41:08+00:00","twitter_card":"summary","twitter_misc":{"Szacowany czas czytania":"1 minuta"},"schema":{"@context":"https:\/\/schema.org","@graph":[{"@type":"WebSite","@id":"http:\/\/www.multimax.info.pl\/de\/#website","url":"http:\/\/www.multimax.info.pl\/de\/","name":"Multimax GmbH - Brandschutz-Anlagen","description":"Multimax GmbH - Brandschutz-Anlagen","potentialAction":[{"@type":"SearchAction","target":{"@type":"EntryPoint","urlTemplate":"http:\/\/www.multimax.info.pl\/de\/?s={search_term_string}"},"query-input":"required name=search_term_string"}],"inLanguage":"pl-PL"},{"@type":"WebPage","@id":"http:\/\/www.multimax.info.pl\/de\/angebot\/wassernebel-feuerloschanlagen\/#webpage","url":"http:\/\/www.multimax.info.pl\/de\/angebot\/wassernebel-feuerloschanlagen\/","name":"Wassernebel-Feuerl\u00f6schanlagen - Multimax GmbH - Brandschutz-Anlagen","isPartOf":{"@id":"http:\/\/www.multimax.info.pl\/de\/#website"},"datePublished":"2016-11-03T09:19:56+00:00","dateModified":"2016-12-19T09:41:08+00:00","breadcrumb":{"@id":"http:\/\/www.multimax.info.pl\/de\/angebot\/wassernebel-feuerloschanlagen\/#breadcrumb"},"inLanguage":"pl-PL","potentialAction":[{"@type":"ReadAction","target":["http:\/\/www.multimax.info.pl\/de\/angebot\/wassernebel-feuerloschanlagen\/"]}]},{"@type":"BreadcrumbList","@id":"http:\/\/www.multimax.info.pl\/de\/angebot\/wassernebel-feuerloschanlagen\/#breadcrumb","itemListElement":[{"@type":"ListItem","position":1,"name":"Strona g\u0142\u00f3wna","item":"http:\/\/www.multimax.info.pl\/de\/"},{"@type":"ListItem","position":2,"name":"Angebot","item":"https:\/\/www.multimax.info.pl\/de\/angebot\/"},{"@type":"ListItem","position":3,"name":"Wassernebel-Feuerl\u00f6schanlagen"}]}]}},"_links":{"self":[{"href":"http:\/\/www.multimax.info.pl\/de\/wp-json\/wp\/v2\/pages\/78"}],"collection":[{"href":"http:\/\/www.multimax.info.pl\/de\/wp-json\/wp\/v2\/pages"}],"about":[{"href":"http:\/\/www.multimax.info.pl\/de\/wp-json\/wp\/v2\/types\/page"}],"author":[{"embeddable":true,"href":"http:\/\/www.multimax.info.pl\/de\/wp-json\/wp\/v2\/users\/1"}],"replies":[{"embeddable":true,"href":"http:\/\/www.multimax.info.pl\/de\/wp-json\/wp\/v2\/comments?post=78"}],"version-history":[{"count":0,"href":"http:\/\/www.multimax.info.pl\/de\/wp-json\/wp\/v2\/pages\/78\/revisions"}],"up":[{"embeddable":true,"href":"http:\/\/www.multimax.info.pl\/de\/wp-json\/wp\/v2\/pages\/60"}],"wp:attachment":[{"href":"http:\/\/www.multimax.info.pl\/de\/wp-json\/wp\/v2\/media?parent=78"}],"curies":[{"name":"wp","href":"https:\/\/api.w.org\/{rel}","templated":true}]}}