
{"id":76,"date":"2016-11-03T10:19:46","date_gmt":"2016-11-03T09:19:46","guid":{"rendered":"http:\/\/test.clickmedia.pl\/multimax\/?page_id=76"},"modified":"2016-12-19T10:38:17","modified_gmt":"2016-12-19T09:38:17","slug":"sprinkler-feuerloschanlagen","status":"publish","type":"page","link":"http:\/\/www.multimax.info.pl\/de\/angebot\/sprinkler-feuerloschanlagen\/","title":{"rendered":"Sprinkler-Feuerl\u00f6schanlagen"},"content":{"rendered":"<p>Die Sprinkler-Feuerl\u00f6schanlagen werden von uns entworfen, montiert und gewartet Die Ausf\u00fchrung richtet sich vollkommen nach den polnischen und europ\u00e4ischen Brandschutzvorschriften. Die bestellbaren Modelle sind als PL-EN, FM Global oder VdS erh\u00e4ltlich.<\/p>\n<h3>Was ist eine Sprinkler-Feuerl\u00f6schanlage und aus welchen Bausteinen besteht sie?<\/h3>\n<p>Eine Sprinkler-Feuerl\u00f6schanlage ist ein Brandschutzsystem, das es erm\u00f6glicht, einen entstehenden Brand aufzusp\u00fcren. Sobald ein Feuer ausbricht, wird eine Info dar\u00fcber an die Steuerzentrale weitergegeben, die das Wasserl\u00f6schen aktiviert. Die aktivierten Sprinkleranlagen stehen direkt am Brandzentrum. Nachdem der Brand gel\u00f6scht worden ist, wird das System sofort wieder betriebsbereit.<\/p>\n<p>Die Sprinkler-Anlagen bestehen aus Rohrnetzen, an die die Sprinkler-Anlagen angeschlossen werden. Deren Wirkung umfasst den vollen gesch\u00fctzten Bereich. Der Systemzustand wird von der Brandwarneinheit \u00fcberpr\u00fcft. Damit die Anlage st\u00f6rungsfrei funktioniert, sind folgende Bestandteile erforderlich:<\/p>\n<ul>\n<li>Wasserquelle.<\/li>\n<li>Pumpanlage.<\/li>\n<li>Kontroll-Alarmeinheit.<\/li>\n<\/ul>\n<h3>Welche Anlagen-Typen sind in unserem Angebot erh\u00e4ltlich?<\/h3>\n<p>Unsere Anlagen werden aus denjenigen zusammengebaut, die hochrestriktive Normen erf\u00fcllen. Die bestellbaren Sprinkler-Anlagen sind:<\/p>\n<ul>\n<li><strong>Feucht-Sprinkler-Anlagen.<\/strong><\/li>\n<li><strong>Trocken-Sprinkler-Anlagen.<\/strong><\/li>\n<li><strong>vorgesteuerte Trocken-Sprinkler-Anlagen.<\/strong><\/li>\n<\/ul>\n<p>Bei den Feucht-Sprinkler-Anlagen verteilen die Leitungen Hochdruckwasser an alle branderfassten Geb\u00e4udeteile. Diese L\u00f6sung kommt da am besten zum Einsatz, wo die Geb\u00e4ude eine Plus-Temperatur aufweisen.<\/p>\n<p>Die Trocken-Sprinkler-Anlagen verwenden Rohre, die mit Hochdruckluft gef\u00fcllt sind. Diese L\u00f6sung wird f\u00fcr die Geb\u00e4ude empfohlen, deren Temperaturen unter Null liegen k\u00f6nnen. F\u00fcr alle R\u00e4umlichkeiten, die wertvolle elektronische Ger\u00e4te beherbergen, empfehlen wir vorgesteuerte Trocken-Sprinkler-Anlagen<\/p>\n<h3>An wen ist unser Angebot gerichtet?<\/h3>\n<p>Die Sprinkler-Feuerl\u00f6schanlagen werden gew\u00f6hnlich in Produktions-und Aufbewahrungshallen montiert. Dazu geh\u00f6ren auch Einkaufszentren, B\u00fcros sowie Logistikzentren.<\/p>\n<p><strong>Lassen Sie Ihre Feuerl\u00f6schanlage schon jetzt von uns entwerfen und montieren. Wir sorgen f\u00fcr volle Sicherheit!<\/strong><\/p>\n","protected":false},"excerpt":{"rendered":"<p>Die Sprinkler-Feuerl\u00f6schanlagen werden von uns entworfen, montiert und gewartet Die Ausf\u00fchrung richtet sich vollkommen nach den polnischen und europ\u00e4ischen Brandschutzvorschriften. Die bestellbaren Modelle sind als PL-EN, FM Global oder VdS erh\u00e4ltlich. Was ist eine Sprinkler-Feuerl\u00f6schanlage und aus welchen Bausteinen besteht sie? Eine Sprinkler-Feuerl\u00f6schanlage ist ein Brandschutzsystem, das es erm\u00f6glicht, einen entstehenden Brand aufzusp\u00fcren. Sobald ein [&hellip;]<\/p>\n","protected":false},"author":1,"featured_media":0,"parent":60,"menu_order":0,"comment_status":"closed","ping_status":"closed","template":"","meta":[],"yoast_head":"<!-- This site is optimized with the Yoast SEO plugin v17.8 - https:\/\/yoast.com\/wordpress\/plugins\/seo\/ -->\n<meta name=\"robots\" content=\"index, follow, max-snippet:-1, max-image-preview:large, max-video-preview:-1\" \/>\n<link rel=\"canonical\" href=\"https:\/\/www.multimax.info.pl\/de\/angebot\/sprinkler-feuerloschanlagen\/\" \/>\n<meta property=\"og:locale\" content=\"pl_PL\" \/>\n<meta property=\"og:type\" content=\"article\" \/>\n<meta property=\"og:title\" content=\"Sprinkler-Feuerl\u00f6schanlagen - Multimax GmbH - Brandschutz-Anlagen\" \/>\n<meta property=\"og:description\" content=\"Die Sprinkler-Feuerl\u00f6schanlagen werden von uns entworfen, montiert und gewartet Die Ausf\u00fchrung richtet sich vollkommen nach den polnischen und europ\u00e4ischen Brandschutzvorschriften. Die bestellbaren Modelle sind als PL-EN, FM Global oder VdS erh\u00e4ltlich. Was ist eine Sprinkler-Feuerl\u00f6schanlage und aus welchen Bausteinen besteht sie? Eine Sprinkler-Feuerl\u00f6schanlage ist ein Brandschutzsystem, das es erm\u00f6glicht, einen entstehenden Brand aufzusp\u00fcren. Sobald ein [&hellip;]\" \/>\n<meta property=\"og:url\" content=\"https:\/\/www.multimax.info.pl\/de\/angebot\/sprinkler-feuerloschanlagen\/\" \/>\n<meta property=\"og:site_name\" content=\"Multimax GmbH - Brandschutz-Anlagen\" \/>\n<meta property=\"article:modified_time\" content=\"2016-12-19T09:38:17+00:00\" \/>\n<meta name=\"twitter:card\" content=\"summary\" \/>\n<meta name=\"twitter:label1\" content=\"Szacowany czas czytania\" \/>\n\t<meta name=\"twitter:data1\" content=\"1 minuta\" \/>\n<script type=\"application\/ld+json\" class=\"yoast-schema-graph\">{\"@context\":\"https:\/\/schema.org\",\"@graph\":[{\"@type\":\"WebSite\",\"@id\":\"http:\/\/www.multimax.info.pl\/de\/#website\",\"url\":\"http:\/\/www.multimax.info.pl\/de\/\",\"name\":\"Multimax GmbH - Brandschutz-Anlagen\",\"description\":\"Multimax GmbH - Brandschutz-Anlagen\",\"potentialAction\":[{\"@type\":\"SearchAction\",\"target\":{\"@type\":\"EntryPoint\",\"urlTemplate\":\"http:\/\/www.multimax.info.pl\/de\/?s={search_term_string}\"},\"query-input\":\"required name=search_term_string\"}],\"inLanguage\":\"pl-PL\"},{\"@type\":\"WebPage\",\"@id\":\"https:\/\/www.multimax.info.pl\/de\/angebot\/sprinkler-feuerloschanlagen\/#webpage\",\"url\":\"https:\/\/www.multimax.info.pl\/de\/angebot\/sprinkler-feuerloschanlagen\/\",\"name\":\"Sprinkler-Feuerl\\u00f6schanlagen - Multimax GmbH - Brandschutz-Anlagen\",\"isPartOf\":{\"@id\":\"http:\/\/www.multimax.info.pl\/de\/#website\"},\"datePublished\":\"2016-11-03T09:19:46+00:00\",\"dateModified\":\"2016-12-19T09:38:17+00:00\",\"breadcrumb\":{\"@id\":\"https:\/\/www.multimax.info.pl\/de\/angebot\/sprinkler-feuerloschanlagen\/#breadcrumb\"},\"inLanguage\":\"pl-PL\",\"potentialAction\":[{\"@type\":\"ReadAction\",\"target\":[\"https:\/\/www.multimax.info.pl\/de\/angebot\/sprinkler-feuerloschanlagen\/\"]}]},{\"@type\":\"BreadcrumbList\",\"@id\":\"https:\/\/www.multimax.info.pl\/de\/angebot\/sprinkler-feuerloschanlagen\/#breadcrumb\",\"itemListElement\":[{\"@type\":\"ListItem\",\"position\":1,\"name\":\"Strona g\\u0142\\u00f3wna\",\"item\":\"http:\/\/www.multimax.info.pl\/de\/\"},{\"@type\":\"ListItem\",\"position\":2,\"name\":\"Angebot\",\"item\":\"https:\/\/www.multimax.info.pl\/de\/angebot\/\"},{\"@type\":\"ListItem\",\"position\":3,\"name\":\"Sprinkler-Feuerl\\u00f6schanlagen\"}]}]}<\/script>\n<!-- \/ Yoast SEO plugin. -->","yoast_head_json":{"robots":{"index":"index","follow":"follow","max-snippet":"max-snippet:-1","max-image-preview":"max-image-preview:large","max-video-preview":"max-video-preview:-1"},"canonical":"https:\/\/www.multimax.info.pl\/de\/angebot\/sprinkler-feuerloschanlagen\/","og_locale":"pl_PL","og_type":"article","og_title":"Sprinkler-Feuerl\u00f6schanlagen - Multimax GmbH - Brandschutz-Anlagen","og_description":"Die Sprinkler-Feuerl\u00f6schanlagen werden von uns entworfen, montiert und gewartet Die Ausf\u00fchrung richtet sich vollkommen nach den polnischen und europ\u00e4ischen Brandschutzvorschriften. Die bestellbaren Modelle sind als PL-EN, FM Global oder VdS erh\u00e4ltlich. Was ist eine Sprinkler-Feuerl\u00f6schanlage und aus welchen Bausteinen besteht sie? Eine Sprinkler-Feuerl\u00f6schanlage ist ein Brandschutzsystem, das es erm\u00f6glicht, einen entstehenden Brand aufzusp\u00fcren. Sobald ein [&hellip;]","og_url":"https:\/\/www.multimax.info.pl\/de\/angebot\/sprinkler-feuerloschanlagen\/","og_site_name":"Multimax GmbH - Brandschutz-Anlagen","article_modified_time":"2016-12-19T09:38:17+00:00","twitter_card":"summary","twitter_misc":{"Szacowany czas czytania":"1 minuta"},"schema":{"@context":"https:\/\/schema.org","@graph":[{"@type":"WebSite","@id":"http:\/\/www.multimax.info.pl\/de\/#website","url":"http:\/\/www.multimax.info.pl\/de\/","name":"Multimax GmbH - Brandschutz-Anlagen","description":"Multimax GmbH - Brandschutz-Anlagen","potentialAction":[{"@type":"SearchAction","target":{"@type":"EntryPoint","urlTemplate":"http:\/\/www.multimax.info.pl\/de\/?s={search_term_string}"},"query-input":"required name=search_term_string"}],"inLanguage":"pl-PL"},{"@type":"WebPage","@id":"https:\/\/www.multimax.info.pl\/de\/angebot\/sprinkler-feuerloschanlagen\/#webpage","url":"https:\/\/www.multimax.info.pl\/de\/angebot\/sprinkler-feuerloschanlagen\/","name":"Sprinkler-Feuerl\u00f6schanlagen - Multimax GmbH - Brandschutz-Anlagen","isPartOf":{"@id":"http:\/\/www.multimax.info.pl\/de\/#website"},"datePublished":"2016-11-03T09:19:46+00:00","dateModified":"2016-12-19T09:38:17+00:00","breadcrumb":{"@id":"https:\/\/www.multimax.info.pl\/de\/angebot\/sprinkler-feuerloschanlagen\/#breadcrumb"},"inLanguage":"pl-PL","potentialAction":[{"@type":"ReadAction","target":["https:\/\/www.multimax.info.pl\/de\/angebot\/sprinkler-feuerloschanlagen\/"]}]},{"@type":"BreadcrumbList","@id":"https:\/\/www.multimax.info.pl\/de\/angebot\/sprinkler-feuerloschanlagen\/#breadcrumb","itemListElement":[{"@type":"ListItem","position":1,"name":"Strona g\u0142\u00f3wna","item":"http:\/\/www.multimax.info.pl\/de\/"},{"@type":"ListItem","position":2,"name":"Angebot","item":"https:\/\/www.multimax.info.pl\/de\/angebot\/"},{"@type":"ListItem","position":3,"name":"Sprinkler-Feuerl\u00f6schanlagen"}]}]}},"_links":{"self":[{"href":"http:\/\/www.multimax.info.pl\/de\/wp-json\/wp\/v2\/pages\/76"}],"collection":[{"href":"http:\/\/www.multimax.info.pl\/de\/wp-json\/wp\/v2\/pages"}],"about":[{"href":"http:\/\/www.multimax.info.pl\/de\/wp-json\/wp\/v2\/types\/page"}],"author":[{"embeddable":true,"href":"http:\/\/www.multimax.info.pl\/de\/wp-json\/wp\/v2\/users\/1"}],"replies":[{"embeddable":true,"href":"http:\/\/www.multimax.info.pl\/de\/wp-json\/wp\/v2\/comments?post=76"}],"version-history":[{"count":0,"href":"http:\/\/www.multimax.info.pl\/de\/wp-json\/wp\/v2\/pages\/76\/revisions"}],"up":[{"embeddable":true,"href":"http:\/\/www.multimax.info.pl\/de\/wp-json\/wp\/v2\/pages\/60"}],"wp:attachment":[{"href":"http:\/\/www.multimax.info.pl\/de\/wp-json\/wp\/v2\/media?parent=76"}],"curies":[{"name":"wp","href":"https:\/\/api.w.org\/{rel}","templated":true}]}}